{"id":376,"date":"2020-08-21T20:39:00","date_gmt":"2020-08-21T19:39:00","guid":{"rendered":"http:\/\/pri-storklji.si\/?page_id=376"},"modified":"2020-11-16T07:21:01","modified_gmt":"2020-11-16T06:21:01","slug":"familie-lovrencec-moravske-toplice","status":"publish","type":"page","link":"https:\/\/pri-storklji.si\/de\/familie-lovrencec-moravske-toplice\/","title":{"rendered":"Familie Lovren\u010dec &#8211; Moravske Toplice"},"content":{"rendered":"<p>Schon fast vier Jahrzehnten ist Familie Lovren\u010dec im Tourismus t\u00e4tig. Sie haben Ihr gem\u00fctliches Zuhause, das sie gerne mit Ihren G\u00e4sten teilen in einem uhrigen Dorf \u2013 Moravske Toplice errichtet, nur einem Katzensprung von dem bekannten Thermalbad &#8211; Terme 3000 und Terme Vivat.<\/p>\n<p>Sie erwarten ihre G\u00e4ste freundlich und herzlich, und bieten ihnen die Bequemlichkeit ihres Heimes an. 8 Doppelzimmer und zwei Appartements stehen das ganze Jahr all denjenigen zu Verf\u00fcgung, die Ihre Freizeit ruhig und ungebunden verbringen m\u00f6chten.<\/p>\n<p>Der Heilort Moravske Toplice ist im Slowenien und im Ausland bekannt durch die Thermalheilquellen, moderne Physiotherapie und den zahlreichen m\u00f6glichkeiten neue Kr\u00e4fte zu tanken, ist von der Fr\u00fchst\u00fcckspension Lovren\u010dec nur ein Katzensprung entfernt.<\/p>\n<p>An allen Tagen im Jahr kommen zahlreiche Slowenische, vor allem aber Ausl\u00e4ndische G\u00e4ste zu Besuch, die Gesundheit, Ruhe und Entspannung suchen.<\/p>\n<p>Der Tag beginnt bei Familie Lovren\u010dec mit einem reichaltigen Fr\u00fchst\u00fcck, das erst dann serviert wird, wen das die G\u00e4ste wollen \u2013 fr\u00fch am Morgen oder sp\u00e4t am Vormittag.<\/p>\n<p>Auch Nachmittage und Abende k\u00f6nnen angenehm sein. Freundliche Gastgeber laden Ihre G\u00e4ste gerne in das eigene Gasthaus zum traditionellen Bogratsch-essen und einem Landwein ein. In einem gemeinsamen Raum dauern die Abende in der lustigen Runde bis in die sp\u00e4ten Stunden, und wiegen so in einem angenehm m\u00fcden, beruhigenden Schlaf ein.<\/p>\n<p>Viele M\u00f6glichkeiten f\u00fcr einen angenehmen Urlaub bietet auch die Umgebung von Moravske Toplice an. Das H\u00fcgelige gori\u010dko, mit bl\u00fchenden W\u00e4ldern, voll mit Naturreicht\u00fcmern, bieten sich f\u00fcr Wanderungen und Radtouren an, Bauerntourismus auf den Weinreichen H\u00fcgeln regt zu Picknicken an. Museen und uralte Kirchen- stumme Zeugen der Vergangenheit sin auch sehr sehenswert.<\/p>\n<p>Kommen Sie, um unser Gast zu sein!<br \/>\n<strong><em>Fr\u00fchst\u00fcckspension LOVREN\u010cEC<\/em><\/strong><\/p>\n","protected":false},"excerpt":{"rendered":"<p>Schon fast vier Jahrzehnten ist Familie Lovren\u010dec im Tourismus t\u00e4tig. Sie haben Ihr gem\u00fctliches Zuhause, das sie gerne mit Ihren G\u00e4sten teilen in einem uhrigen Dorf \u2013 Moravske Toplice errichtet, nur einem Katzensprung von dem bekannten Thermalbad &#8211; Terme 3000 und Terme Vivat. Sie erwarten ihre G\u00e4ste freundlich und herzlich, und bieten ihnen die Bequemlichkeit [&hellip;]<\/p>\n","protected":false},"author":1,"featured_media":56,"parent":0,"menu_order":0,"comment_status":"closed","ping_status":"closed","template":"","meta":[],"_links":{"self":[{"href":"https:\/\/pri-storklji.si\/de\/wp-json\/wp\/v2\/pages\/376"}],"collection":[{"href":"https:\/\/pri-storklji.si\/de\/wp-json\/wp\/v2\/pages"}],"about":[{"href":"https:\/\/pri-storklji.si\/de\/wp-json\/wp\/v2\/types\/page"}],"author":[{"embeddable":true,"href":"https:\/\/pri-storklji.si\/de\/wp-json\/wp\/v2\/users\/1"}],"replies":[{"embeddable":true,"href":"https:\/\/pri-storklji.si\/de\/wp-json\/wp\/v2\/comments?post=376"}],"version-history":[{"count":4,"href":"https:\/\/pri-storklji.si\/de\/wp-json\/wp\/v2\/pages\/376\/revisions"}],"predecessor-version":[{"id":634,"href":"https:\/\/pri-storklji.si\/de\/wp-json\/wp\/v2\/pages\/376\/revisions\/634"}],"wp:featuredmedia":[{"embeddable":true,"href":"https:\/\/pri-storklji.si\/de\/wp-json\/wp\/v2\/media\/56"}],"wp:attachment":[{"href":"https:\/\/pri-storklji.si\/de\/wp-json\/wp\/v2\/media?parent=376"}],"curies":[{"name":"wp","href":"https:\/\/api.w.org\/{rel}","templated":true}]}}