{"id":377,"date":"2020-08-21T20:39:12","date_gmt":"2020-08-21T19:39:12","guid":{"rendered":"http:\/\/pri-storklji.si\/?page_id=377"},"modified":"2024-01-03T01:46:11","modified_gmt":"2024-01-03T00:46:11","slug":"gasthaus-pri-storklji-moravske-toplice","status":"publish","type":"page","link":"https:\/\/pri-storklji.si\/de\/gasthaus-pri-storklji-moravske-toplice\/","title":{"rendered":"Gasthaus Pri \u0160torklji &#8211; Moravske Toplice"},"content":{"rendered":"<p>Familie Lovren\u010dec in Moravske Toplice ist seit langem die Bedeutung des Tourismus und touristischen Angebot in ihrer h\u00e4uslichen Umgebung bewust. Wir waren vor 45 Jahren eine der ersten touristischen Einrichtungen in der Umgebung.<\/p>\n<p>Noch heute kommen unsere G\u00e4ste die schon vor 45 Jahren bei uns waren immer gerne zur\u00fcck. Zugleich iste s uns bewust , um st\u00e4ndig aktualisieren und zu erweitern unseres Angebotes.<\/p>\n<p>Wir wissen auch, dass wir in der Zukunft uns sehr viel Bem\u00fchen m\u00fcssen um neue G\u00e4ste gl\u00fccklich wieder von uns Nachause gehen werden. Aus diesem Grund haben wir vor par Jahren unsentschlossen zu unserer Unterkunft zus\u00e4tslich ein Gastronomiebetrieb hinzuf\u00fcgen.<\/p>\n<p>Das neue Gasthaus war ein langer Traum von Uns. Das Gasthaus wurde mit viel Geschmack und Leidenschaft f\u00fcr unser G\u00e4ste entwickelt. Es Strahlt eine H\u00e4usliche, komfortabele, entspannend und beruhigende wirkung, wo man immer das Gef\u00fchl, willkommen zu heissen ist.<\/p>\n<p><strong>Das Gasthaus umfasst:<\/strong><\/p>\n<ul>\n<li>Fein s\u00e4uberlich geordnet R\u00e4umlichkeiten in Heimischen Wohnstil<\/li>\n<li>Kleines Esszimmer 40 Personen<\/li>\n<li>Gro\u00dfes Esszimmer 60 Personen<\/li>\n<li>Terrasse 20 Personen<\/li>\n<li>Angebot von lokale Spezialit\u00e4ten<\/li>\n<li>Die M\u00f6glichkeit f\u00fcr Seminare, Vortr\u00e4ge<\/li>\n<li>Kinderfreundlich (Spielzeug, Rasen)<\/li>\n<\/ul>\n<p>\u00bb Ein ehrlicher Mann, der als Gast in das Haus kam, bekam immer Mittagessen. Auch edel mit Essen und Getr\u00e4nken serviert. Die Kinder kammen von der weiten Welt nach Hause, um das Haus Ihrer Mutter zu sehen. Bei jeder R\u00fcckkehr wurde der Besucher von warmen Geschmack von Brotbackofen, S\u00fclze Gelee und Brot angelockt . Viel Freundlichkeit, Gastfreundschaft, Sensibilit\u00e4t und Dankbarkeit f\u00fcllen die Herzen der Besucher. \u00ab<\/p>\n<h5><strong>\u00d6FFNUNGZEITEN:\u00a0<\/strong><\/h5>\n<h5><strong>Montag: 13:00 &#8211; 21:00<\/strong><\/h5>\n<h5><strong>Dienstag: 13:00 &#8211; 21:00<\/strong><\/h5>\n<h5><strong>Mittwoch: 13:00 &#8211; 21:00<\/strong><\/h5>\n<h5><strong>Donnerstag: 13:00 &#8211; 21:00<\/strong><\/h5>\n<h5><strong>Freitag: 12:00 &#8211; 22:00<\/strong><\/h5>\n<h5><strong>Samstag: 12:00 &#8211; 22:00<\/strong><\/h5>\n<h5><strong>Sontnag: GESCHLOSSEN<\/strong><\/h5>\n","protected":false},"excerpt":{"rendered":"<p>Familie Lovren\u010dec in Moravske Toplice ist seit langem die Bedeutung des Tourismus und touristischen Angebot in ihrer h\u00e4uslichen Umgebung bewust. Wir waren vor 45 Jahren eine der ersten touristischen Einrichtungen in der Umgebung. Noch heute kommen unsere G\u00e4ste die schon vor 45 Jahren bei uns waren immer gerne zur\u00fcck. Zugleich iste s uns bewust , [&hellip;]<\/p>\n","protected":false},"author":1,"featured_media":860,"parent":0,"menu_order":0,"comment_status":"closed","ping_status":"closed","template":"","meta":[],"_links":{"self":[{"href":"https:\/\/pri-storklji.si\/de\/wp-json\/wp\/v2\/pages\/377"}],"collection":[{"href":"https:\/\/pri-storklji.si\/de\/wp-json\/wp\/v2\/pages"}],"about":[{"href":"https:\/\/pri-storklji.si\/de\/wp-json\/wp\/v2\/types\/page"}],"author":[{"embeddable":true,"href":"https:\/\/pri-storklji.si\/de\/wp-json\/wp\/v2\/users\/1"}],"replies":[{"embeddable":true,"href":"https:\/\/pri-storklji.si\/de\/wp-json\/wp\/v2\/comments?post=377"}],"version-history":[{"count":6,"href":"https:\/\/pri-storklji.si\/de\/wp-json\/wp\/v2\/pages\/377\/revisions"}],"predecessor-version":[{"id":848,"href":"https:\/\/pri-storklji.si\/de\/wp-json\/wp\/v2\/pages\/377\/revisions\/848"}],"wp:featuredmedia":[{"embeddable":true,"href":"https:\/\/pri-storklji.si\/de\/wp-json\/wp\/v2\/media\/860"}],"wp:attachment":[{"href":"https:\/\/pri-storklji.si\/de\/wp-json\/wp\/v2\/media?parent=377"}],"curies":[{"name":"wp","href":"https:\/\/api.w.org\/{rel}","templated":true}]}}