{"id":525,"date":"2020-08-28T18:09:41","date_gmt":"2020-08-28T17:09:41","guid":{"rendered":"http:\/\/pri-storklji.si\/breakfast-room\/"},"modified":"2020-08-28T18:22:28","modified_gmt":"2020-08-28T17:22:28","slug":"breakfast-room","status":"publish","type":"page","link":"https:\/\/pri-storklji.si\/de\/breakfast-room\/","title":{"rendered":"Fr\u00fchst\u00fccksraum"},"content":{"rendered":"<p>An allen Tagen im Jahr kommen zahlreiche Slowenische, vor allem aber ausl\u00e4ndische G\u00e4ste zu Besuch, die Gesundheit, Ruhe und Entspannung suchen.<\/p>\n","protected":false},"excerpt":{"rendered":"<p>An allen Tagen im Jahr kommen zahlreiche Slowenische, vor allem aber ausl\u00e4ndische G\u00e4ste zu Besuch, die Gesundheit, Ruhe und Entspannung suchen.<\/p>\n","protected":false},"author":1,"featured_media":249,"parent":0,"menu_order":0,"comment_status":"closed","ping_status":"closed","template":"","meta":[],"_links":{"self":[{"href":"https:\/\/pri-storklji.si\/de\/wp-json\/wp\/v2\/pages\/525"}],"collection":[{"href":"https:\/\/pri-storklji.si\/de\/wp-json\/wp\/v2\/pages"}],"about":[{"href":"https:\/\/pri-storklji.si\/de\/wp-json\/wp\/v2\/types\/page"}],"author":[{"embeddable":true,"href":"https:\/\/pri-storklji.si\/de\/wp-json\/wp\/v2\/users\/1"}],"replies":[{"embeddable":true,"href":"https:\/\/pri-storklji.si\/de\/wp-json\/wp\/v2\/comments?post=525"}],"version-history":[{"count":2,"href":"https:\/\/pri-storklji.si\/de\/wp-json\/wp\/v2\/pages\/525\/revisions"}],"predecessor-version":[{"id":528,"href":"https:\/\/pri-storklji.si\/de\/wp-json\/wp\/v2\/pages\/525\/revisions\/528"}],"wp:featuredmedia":[{"embeddable":true,"href":"https:\/\/pri-storklji.si\/de\/wp-json\/wp\/v2\/media\/249"}],"wp:attachment":[{"href":"https:\/\/pri-storklji.si\/de\/wp-json\/wp\/v2\/media?parent=525"}],"curies":[{"name":"wp","href":"https:\/\/api.w.org\/{rel}","templated":true}]}}